{"id":512,"date":"2021-01-28T15:52:57","date_gmt":"2021-01-28T15:52:57","guid":{"rendered":"https:\/\/www.berishatiefbau.de\/?page_id=512"},"modified":"2021-01-28T19:16:55","modified_gmt":"2021-01-28T19:16:55","slug":"aktuelles","status":"publish","type":"page","link":"https:\/\/www.berishatiefbau.de\/sq\/aktuelles\/","title":{"rendered":"Aktuelles"},"content":{"rendered":"<div data-elementor-type=\"wp-page\" data-elementor-id=\"512\" class=\"elementor elementor-512\">\n\t\t\t\t\t\t<section class=\"elementor-section elementor-top-section elementor-element elementor-element-f1e8cf5 elementor-section-boxed elementor-section-height-default elementor-section-height-default\" data-id=\"f1e8cf5\" data-element_type=\"section\">\n\t\t\t\t\t\t<div class=\"elementor-container elementor-column-gap-default\">\n\t\t\t\t\t<div class=\"elementor-column elementor-col-100 elementor-top-column elementor-element elementor-element-1dc7cfc\" data-id=\"1dc7cfc\" data-element_type=\"column\">\n\t\t\t<div class=\"elementor-widget-wrap elementor-element-populated\">\n\t\t\t\t\t\t<div class=\"elementor-element elementor-element-6a93d70 elementor-widget elementor-widget-spacer\" data-id=\"6a93d70\" data-element_type=\"widget\" data-widget_type=\"spacer.default\">\n\t\t\t\t<div class=\"elementor-widget-container\">\n\t\t\t\t\t<div class=\"elementor-spacer\">\n\t\t\t<div class=\"elementor-spacer-inner\"><\/div>\n\t\t<\/div>\n\t\t\t\t<\/div>\n\t\t\t\t<\/div>\n\t\t\t\t\t<\/div>\n\t\t<\/div>\n\t\t\t\t\t<\/div>\n\t\t<\/section>\n\t\t\t\t<section class=\"elementor-section elementor-top-section elementor-element elementor-element-1a345dd elementor-section-boxed elementor-section-height-default elementor-section-height-default\" data-id=\"1a345dd\" data-element_type=\"section\">\n\t\t\t\t\t\t<div class=\"elementor-container elementor-column-gap-default\">\n\t\t\t\t\t<div class=\"elementor-column elementor-col-100 elementor-top-column elementor-element elementor-element-daf09a3\" data-id=\"daf09a3\" data-element_type=\"column\">\n\t\t\t<div class=\"elementor-widget-wrap elementor-element-populated\">\n\t\t\t\t\t\t<div class=\"elementor-element elementor-element-3282d5e elementor-widget elementor-widget-text-editor\" data-id=\"3282d5e\" data-element_type=\"widget\" data-widget_type=\"text-editor.default\">\n\t\t\t\t<div class=\"elementor-widget-container\">\n\t\t\t\t\t\t\t\r\n\t\t<div class=\"pgafu-filter-wrp\">\r\n\t\t\t<ul class=\"pgafu-filter\" id=\"pgafu-filtr-1\">\r\n\t\t\t\t<li class=\"pgafu-filtr-cat pgafu-active-filtr\" data-filter=\"*\"><a href=\"javascript:void(0);\">All<\/a><\/li>\r\n\t\t\t\t\t\t\t\t\t<li class=\"pgafu-filtr-cat\" data-filter=\".pgafu-10\"><a href=\"javascript:void(0);\">Projekte<\/a><\/li>\r\n\t\t\t\t\t\t\t\t\t<li class=\"pgafu-filtr-cat\" data-filter=\".pgafu-2\"><a href=\"javascript:void(0);\">Projektmanagement<\/a><\/li>\r\n\t\t\t\t\t\t\t<\/ul>\r\n\r\n\t\t\t<div class=\"pgafu-filtr-container\" id=\"pgafu-post-filtr-1\">\r\n\t\t\t\t<div class=\"pgafu-post-grid-main pgafu-post-filter pgafu-design-1 pgafu-image-fit has-no-animation pgafu-clearfix\">\r\n\r\n\t\t\t\t\r\n\t\t\t\t\t<div class=\"pgafu-medium-4 pgafu-columns filtr-item pgafu-post-cnt pgafu-10 pgafu-2\">\r\n\t\t\t\t\t\r\n<div class=\"pgafu-post-grid\">\r\n\t<div class=\"pgafu-post-grid-content\">\r\n\t\t\t\t\t<div class=\"pgafu-post-image-bg\" style=\"\">\r\n\t\t\t\t<a href=\"https:\/\/www.berishatiefbau.de\/sq\/abgeschlossene-projekte\/\">\r\n\t\t\t\t\t<img decoding=\"async\" src=\"https:\/\/www.berishatiefbau.de\/wp-content\/uploads\/2021\/01\/fiber_glass_optics_141948603_0-1024x512.jpg\" alt=\"Abgeschlossene Projekte\" \/>\r\n\t\t\t\t<\/a>\r\n\t\t\t<\/div>\r\n\t\t\t\t<h2 class=\"pgafu-post-title\">\r\n\t\t\t<a href=\"https:\/\/www.berishatiefbau.de\/sq\/abgeschlossene-projekte\/\">Abgeschlossene Projekte<\/a>\r\n\t\t<\/h2>\r\n\r\n\t\t\t\t<div class=\"pgafu-post-categories\"><a href=\"https:\/\/www.berishatiefbau.de\/sq\/category\/projekte\/\">Projekte<\/a> <a href=\"https:\/\/www.berishatiefbau.de\/sq\/category\/projektmanagement\/\">Projektmanagement<\/a><\/div>\r\n\t\t\t\t\t<div class=\"pgafu-post-date\">\r\n\t\t\t\t\t\t\t\t\t<span class=\"pgafu-user-img\"><img decoding=\"async\" src=\"https:\/\/www.berishatiefbau.de\/wp-content\/plugins\/post-grid-and-filter-ultimate\/assets\/images\/user.svg\" alt=\"\"> btiefb<\/span>\r\n\t\t\t\t&nbsp;\t\t\t\t\t<span class=\"pgafu-time\"> <img decoding=\"async\" src=\"https:\/\/www.berishatiefbau.de\/wp-content\/plugins\/post-grid-and-filter-ultimate\/assets\/images\/calendar.svg\" alt=\"\"> 12 Shkurt, 2021 <\/span>\r\n\t\t\t\t&nbsp;\t\t\t<\/div>\r\n\t\t\t\t\t<div class=\"pgafu-post-content\">\r\n\t\t\t\t<div class=\"pgafu-post-short-content\">Unsere Kunden und Partner Liste h\u00e4lt die Aktualisierung und jeden Tag zu erh\u00f6hen. Bisher haben wir Dienstleistungen f\u00fcr folgende Unternehmen erbracht. Wir haben u. a. f\u00fcr diese Kunden gearbeitet:<\/div>\r\n\t\t\t\t\t\t\t\t\t<a href=\"https:\/\/www.berishatiefbau.de\/sq\/abgeschlossene-projekte\/\" class=\"readmorebtn\">Read More<\/a>\r\n\t\t\t\t\t\t\t<\/div>\r\n\t\t\t<\/div>\r\n<\/div>\t\t\t\t\t<\/div>\r\n\r\n\t\t\t\t\t\r\n\t\t\t\t\t<div class=\"pgafu-medium-4 pgafu-columns filtr-item pgafu-post-cnt pgafu-10 pgafu-2\">\r\n\t\t\t\t\t\r\n<div class=\"pgafu-post-grid\">\r\n\t<div class=\"pgafu-post-grid-content\">\r\n\t\t\t\t\t<div class=\"pgafu-post-image-bg\" style=\"\">\r\n\t\t\t\t<a href=\"https:\/\/www.berishatiefbau.de\/sq\/aktuelle-projekte\/\">\r\n\t\t\t\t\t<img decoding=\"async\" src=\"https:\/\/www.berishatiefbau.de\/wp-content\/uploads\/2021\/01\/fiber-patch-panel-sctg-1024x548.jpg\" alt=\"Aktuelle Projekte\" \/>\r\n\t\t\t\t<\/a>\r\n\t\t\t<\/div>\r\n\t\t\t\t<h2 class=\"pgafu-post-title\">\r\n\t\t\t<a href=\"https:\/\/www.berishatiefbau.de\/sq\/aktuelle-projekte\/\">Aktuelle Projekte<\/a>\r\n\t\t<\/h2>\r\n\r\n\t\t\t\t<div class=\"pgafu-post-categories\"><a href=\"https:\/\/www.berishatiefbau.de\/sq\/category\/projekte\/\">Projekte<\/a> <a href=\"https:\/\/www.berishatiefbau.de\/sq\/category\/projektmanagement\/\">Projektmanagement<\/a><\/div>\r\n\t\t\t\t\t<div class=\"pgafu-post-date\">\r\n\t\t\t\t\t\t\t\t\t<span class=\"pgafu-user-img\"><img decoding=\"async\" src=\"https:\/\/www.berishatiefbau.de\/wp-content\/plugins\/post-grid-and-filter-ultimate\/assets\/images\/user.svg\" alt=\"\"> btiefb<\/span>\r\n\t\t\t\t&nbsp;\t\t\t\t\t<span class=\"pgafu-time\"> <img decoding=\"async\" src=\"https:\/\/www.berishatiefbau.de\/wp-content\/plugins\/post-grid-and-filter-ultimate\/assets\/images\/calendar.svg\" alt=\"\"> 12 Shkurt, 2021 <\/span>\r\n\t\t\t\t&nbsp;\t\t\t<\/div>\r\n\t\t\t\t\t<div class=\"pgafu-post-content\">\r\n\t\t\t\t<div class=\"pgafu-post-short-content\">Unsere Kunden und Partner Liste h\u00e4lt die Aktualisierung und jeden Tag zu erh\u00f6hen. Im Moment sind wir gl\u00fccklich, unsere Dienstleistungen f\u00fcr die folgenden Unternehmen zur Verf\u00fcgung zu stellen. Wem sind wir f\u00fcr die Zusammenarbeit dankbar.<\/div>\r\n\t\t\t\t\t\t\t\t\t<a href=\"https:\/\/www.berishatiefbau.de\/sq\/aktuelle-projekte\/\" class=\"readmorebtn\">Read More<\/a>\r\n\t\t\t\t\t\t\t<\/div>\r\n\t\t\t<\/div>\r\n<\/div>\t\t\t\t\t<\/div>\r\n\r\n\t\t\t\t\t\r\n\t\t\t\t<\/div>\r\n\t\t\t<\/div>\r\n\t\t<\/div>\r\n\r\n\t\t\t\t\t\t\t\t<\/div>\n\t\t\t\t<\/div>\n\t\t\t\t\t<\/div>\n\t\t<\/div>\n\t\t\t\t\t<\/div>\n\t\t<\/section>\n\t\t\t\t<\/div>","protected":false},"excerpt":{"rendered":"","protected":false},"author":1,"featured_media":0,"parent":0,"menu_order":0,"comment_status":"closed","ping_status":"closed","template":"","meta":{"footnotes":""},"_links":{"self":[{"href":"https:\/\/www.berishatiefbau.de\/sq\/wp-json\/wp\/v2\/pages\/512"}],"collection":[{"href":"https:\/\/www.berishatiefbau.de\/sq\/wp-json\/wp\/v2\/pages"}],"about":[{"href":"https:\/\/www.berishatiefbau.de\/sq\/wp-json\/wp\/v2\/types\/page"}],"author":[{"embeddable":true,"href":"https:\/\/www.berishatiefbau.de\/sq\/wp-json\/wp\/v2\/users\/1"}],"replies":[{"embeddable":true,"href":"https:\/\/www.berishatiefbau.de\/sq\/wp-json\/wp\/v2\/comments?post=512"}],"version-history":[{"count":27,"href":"https:\/\/www.berishatiefbau.de\/sq\/wp-json\/wp\/v2\/pages\/512\/revisions"}],"predecessor-version":[{"id":546,"href":"https:\/\/www.berishatiefbau.de\/sq\/wp-json\/wp\/v2\/pages\/512\/revisions\/546"}],"wp:attachment":[{"href":"https:\/\/www.berishatiefbau.de\/sq\/wp-json\/wp\/v2\/media?parent=512"}],"curies":[{"name":"wp","href":"https:\/\/api.w.org\/{rel}","templated":true}]}}