{"id":9,"date":"2018-06-07T05:36:45","date_gmt":"2018-06-07T05:36:45","guid":{"rendered":"https:\/\/www.berishatiefbau.de\/index.php\/home\/"},"modified":"2021-02-12T22:23:16","modified_gmt":"2021-02-12T21:23:16","slug":"home","status":"publish","type":"page","link":"https:\/\/www.berishatiefbau.de\/sq\/","title":{"rendered":"Home"},"content":{"rendered":"<div data-elementor-type=\"wp-page\" data-elementor-id=\"9\" class=\"elementor elementor-9\">\n\t\t\t\t\t\t<section class=\"elementor-section elementor-top-section elementor-element elementor-element-df0c7df elementor-section-full_width elementor-section-height-default elementor-section-height-default\" data-id=\"df0c7df\" data-element_type=\"section\" data-settings=\"{&quot;background_background&quot;:&quot;classic&quot;}\">\n\t\t\t\t\t\t<div class=\"elementor-container elementor-column-gap-default\">\n\t\t\t\t\t<div class=\"elementor-column elementor-col-50 elementor-top-column elementor-element elementor-element-792e732\" data-id=\"792e732\" data-element_type=\"column\" data-settings=\"{&quot;background_background&quot;:&quot;classic&quot;}\">\n\t\t\t<div class=\"elementor-widget-wrap\">\n\t\t\t\t\t<div class=\"elementor-background-overlay\"><\/div>\n\t\t\t\t\t\t\t<\/div>\n\t\t<\/div>\n\t\t\t\t<div class=\"elementor-column elementor-col-50 elementor-top-column elementor-element elementor-element-2e159f52\" data-id=\"2e159f52\" data-element_type=\"column\" data-settings=\"{&quot;background_background&quot;:&quot;classic&quot;}\">\n\t\t\t<div class=\"elementor-widget-wrap elementor-element-populated\">\n\t\t\t\t\t\t<div class=\"elementor-element elementor-element-e9b2fc5 elementor-widget elementor-widget-heading\" data-id=\"e9b2fc5\" data-element_type=\"widget\" data-widget_type=\"heading.default\">\n\t\t\t\t<div class=\"elementor-widget-container\">\n\t\t\t<h1 class=\"elementor-heading-title elementor-size-default\">Wir sind Ihr Partner f\u00fcr Verkabelung und Tiefbau.<\/h1>\t\t<\/div>\n\t\t\t\t<\/div>\n\t\t\t\t<section class=\"elementor-section elementor-inner-section elementor-element elementor-element-ef49e21 elementor-section-boxed elementor-section-height-default elementor-section-height-default\" data-id=\"ef49e21\" data-element_type=\"section\">\n\t\t\t\t\t\t<div class=\"elementor-container elementor-column-gap-default\">\n\t\t\t\t\t<div class=\"elementor-column elementor-col-50 elementor-inner-column elementor-element elementor-element-0344714\" data-id=\"0344714\" data-element_type=\"column\">\n\t\t\t<div class=\"elementor-widget-wrap elementor-element-populated\">\n\t\t\t\t\t\t<div class=\"elementor-element elementor-element-5755a14 elementor-vertical-align-top elementor-widget elementor-widget-image-box\" data-id=\"5755a14\" data-element_type=\"widget\" data-widget_type=\"image-box.default\">\n\t\t\t\t<div class=\"elementor-widget-container\">\n\t\t\t<div class=\"elementor-image-box-wrapper\"><div class=\"elementor-image-box-content\"><h2 class=\"elementor-image-box-title\">Hier erhalten Sie Informationen \u00fcber unseren Betrieb und Leistungen.<\/h2><p class=\"elementor-image-box-description\">Wir versichern Ihnen, professionelle und fachgerechte Dienstleistungen f\u00fcr Ihre Pl\u00e4ne und Anforderungen zu erbringen.<\/p><\/div><\/div>\t\t<\/div>\n\t\t\t\t<\/div>\n\t\t\t\t\t<\/div>\n\t\t<\/div>\n\t\t\t\t<div class=\"elementor-column elementor-col-50 elementor-inner-column elementor-element elementor-element-7977493\" data-id=\"7977493\" data-element_type=\"column\">\n\t\t\t<div class=\"elementor-widget-wrap\">\n\t\t\t\t\t\t\t<\/div>\n\t\t<\/div>\n\t\t\t\t\t<\/div>\n\t\t<\/section>\n\t\t\t\t<div class=\"elementor-element elementor-element-8426633 elementor-mobile-align-center elementor-widget elementor-widget-button\" data-id=\"8426633\" data-element_type=\"widget\" data-widget_type=\"button.default\">\n\t\t\t\t<div class=\"elementor-widget-container\">\n\t\t\t\t\t<div class=\"elementor-button-wrapper\">\n\t\t\t<a class=\"elementor-button elementor-button-link elementor-size-md\" href=\"tel: 4925947840270\">\n\t\t\t\t\t\t<span class=\"elementor-button-content-wrapper\">\n\t\t\t\t\t\t<span class=\"elementor-button-icon elementor-align-icon-right\">\n\t\t\t\t<i aria-hidden=\"true\" class=\"fas fa-arrow-right\"><\/i>\t\t\t<\/span>\n\t\t\t\t\t\t<span class=\"elementor-button-text\">Jetzt Planen<\/span>\n\t\t<\/span>\n\t\t\t\t\t<\/a>\n\t\t<\/div>\n\t\t\t\t<\/div>\n\t\t\t\t<\/div>\n\t\t\t\t\t<\/div>\n\t\t<\/div>\n\t\t\t\t\t<\/div>\n\t\t<\/section>\n\t\t\t\t<section class=\"elementor-section elementor-top-section elementor-element elementor-element-bf1a038 elementor-section-boxed elementor-section-height-default elementor-section-height-default\" data-id=\"bf1a038\" data-element_type=\"section\" data-settings=\"{&quot;background_background&quot;:&quot;classic&quot;}\">\n\t\t\t\t\t\t<div class=\"elementor-container elementor-column-gap-default\">\n\t\t\t\t\t<div class=\"elementor-column elementor-col-100 elementor-top-column elementor-element elementor-element-926af83\" data-id=\"926af83\" data-element_type=\"column\">\n\t\t\t<div class=\"elementor-widget-wrap elementor-element-populated\">\n\t\t\t\t\t\t<div class=\"elementor-element elementor-element-259ba1b elementor-vertical-align-middle elementor-widget elementor-widget-icon-box\" data-id=\"259ba1b\" data-element_type=\"widget\" data-widget_type=\"icon-box.default\">\n\t\t\t\t<div class=\"elementor-widget-container\">\n\t\t\t\t\t<div class=\"elementor-icon-box-wrapper\">\n\t\t\t\t\t\t<div class=\"elementor-icon-box-content\">\n\t\t\t\t<h3 class=\"elementor-icon-box-title\">\n\t\t\t\t\t<a href=\"https:\/\/www.berishatiefbau.de\/sq\/kontaktiere-uns\/\" >\n\t\t\t\t\t\tKontaktieren Sie uns noch heute f\u00fcr eine kostenlose Beratung und einen Kostenvorschlag\t\t\t\t\t<\/a>\n\t\t\t\t<\/h3>\n\t\t\t\t\t\t\t<\/div>\n\t\t<\/div>\n\t\t\t\t<\/div>\n\t\t\t\t<\/div>\n\t\t\t\t\t<\/div>\n\t\t<\/div>\n\t\t\t\t\t<\/div>\n\t\t<\/section>\n\t\t\t\t<section class=\"elementor-section elementor-top-section elementor-element elementor-element-65bb5d63 elementor-section-boxed elementor-section-height-default elementor-section-height-default\" data-id=\"65bb5d63\" data-element_type=\"section\">\n\t\t\t\t\t\t<div class=\"elementor-container elementor-column-gap-default\">\n\t\t\t\t\t<div class=\"elementor-column elementor-col-100 elementor-top-column elementor-element elementor-element-6bf5cf7e\" data-id=\"6bf5cf7e\" data-element_type=\"column\">\n\t\t\t<div class=\"elementor-widget-wrap elementor-element-populated\">\n\t\t\t\t\t\t<section class=\"elementor-section elementor-inner-section elementor-element elementor-element-3cbfd1da elementor-section-boxed elementor-section-height-default elementor-section-height-default\" data-id=\"3cbfd1da\" data-element_type=\"section\">\n\t\t\t\t\t\t<div class=\"elementor-container elementor-column-gap-default\">\n\t\t\t\t\t<div class=\"elementor-column elementor-col-50 elementor-inner-column elementor-element elementor-element-773d9f06\" data-id=\"773d9f06\" data-element_type=\"column\">\n\t\t\t<div class=\"elementor-widget-wrap elementor-element-populated\">\n\t\t\t\t\t\t<div class=\"elementor-element elementor-element-74f17297 elementor-widget-divider--view-line elementor-widget elementor-widget-divider\" data-id=\"74f17297\" data-element_type=\"widget\" data-widget_type=\"divider.default\">\n\t\t\t\t<div class=\"elementor-widget-container\">\n\t\t\t\t\t<div class=\"elementor-divider\">\n\t\t\t<span class=\"elementor-divider-separator\">\n\t\t\t\t\t\t<\/span>\n\t\t<\/div>\n\t\t\t\t<\/div>\n\t\t\t\t<\/div>\n\t\t\t\t\t<\/div>\n\t\t<\/div>\n\t\t\t\t<div class=\"elementor-column elementor-col-50 elementor-inner-column elementor-element elementor-element-358b94b6\" data-id=\"358b94b6\" data-element_type=\"column\">\n\t\t\t<div class=\"elementor-widget-wrap elementor-element-populated\">\n\t\t\t\t\t\t<div class=\"elementor-element elementor-element-4e6d48d3 elementor-vertical-align-top elementor-widget elementor-widget-image-box\" data-id=\"4e6d48d3\" data-element_type=\"widget\" data-widget_type=\"image-box.default\">\n\t\t\t\t<div class=\"elementor-widget-container\">\n\t\t\t<div class=\"elementor-image-box-wrapper\"><div class=\"elementor-image-box-content\"><h2 class=\"elementor-image-box-title\">Herzlich Willkommen!<\/h2><p class=\"elementor-image-box-description\">Berisha Tiefbau GmbH - Ihr Partner rund um Haus und Stra\u00dfe.<\/p><\/div><\/div>\t\t<\/div>\n\t\t\t\t<\/div>\n\t\t\t\t<div class=\"elementor-element elementor-element-3375c89b elementor-widget elementor-widget-text-editor\" data-id=\"3375c89b\" data-element_type=\"widget\" data-widget_type=\"text-editor.default\">\n\t\t\t\t<div class=\"elementor-widget-container\">\n\t\t\t\t\t\t\t<p><span style=\"font-weight: 400;\">Die Berisha Tiefbau GmbH ist ein mittelst\u00e4ndisches Unternehmen mit langj\u00e4hriger Erfahrung im Tiefbau und Stra\u00dfenbau sowie in der Glasfaser- und Kabelverlegung. Als flexibles, kundenorientiertes und verantwortungsbewusstes Unternehmen unterst\u00fctzen wir Sie gerne bei der Umsetzung Ihrer Projekte und Pl\u00e4ne.<\/span><\/p><p><span style=\"font-weight: 400;\">Die Entwicklung unseres Unternehmens wurde in allen Bereichen kontinuierlich vorangetrieben, um unseren Kunden den bestm\u00f6glichen Service zu bieten.<\/span><\/p>\t\t\t\t\t\t<\/div>\n\t\t\t\t<\/div>\n\t\t\t\t\t<\/div>\n\t\t<\/div>\n\t\t\t\t\t<\/div>\n\t\t<\/section>\n\t\t\t\t\t<\/div>\n\t\t<\/div>\n\t\t\t\t\t<\/div>\n\t\t<\/section>\n\t\t\t\t<section class=\"elementor-section elementor-top-section elementor-element elementor-element-bddff54 elementor-section-boxed elementor-section-height-default elementor-section-height-default\" data-id=\"bddff54\" data-element_type=\"section\" data-settings=\"{&quot;background_background&quot;:&quot;classic&quot;}\">\n\t\t\t\t\t\t<div class=\"elementor-container elementor-column-gap-default\">\n\t\t\t\t\t<div class=\"elementor-column elementor-col-100 elementor-top-column elementor-element elementor-element-e9f7edc\" data-id=\"e9f7edc\" data-element_type=\"column\">\n\t\t\t<div class=\"elementor-widget-wrap elementor-element-populated\">\n\t\t\t\t\t\t<div class=\"elementor-element elementor-element-3125164 elementor-widget-divider--view-line elementor-widget elementor-widget-divider\" data-id=\"3125164\" data-element_type=\"widget\" data-widget_type=\"divider.default\">\n\t\t\t\t<div class=\"elementor-widget-container\">\n\t\t\t\t\t<div class=\"elementor-divider\">\n\t\t\t<span class=\"elementor-divider-separator\">\n\t\t\t\t\t\t<\/span>\n\t\t<\/div>\n\t\t\t\t<\/div>\n\t\t\t\t<\/div>\n\t\t\t\t<div class=\"elementor-element elementor-element-6fd1237 elementor-vertical-align-top elementor-widget elementor-widget-icon-box\" data-id=\"6fd1237\" data-element_type=\"widget\" data-widget_type=\"icon-box.default\">\n\t\t\t\t<div class=\"elementor-widget-container\">\n\t\t\t\t\t<div class=\"elementor-icon-box-wrapper\">\n\t\t\t\t\t\t<div class=\"elementor-icon-box-content\">\n\t\t\t\t<h2 class=\"elementor-icon-box-title\">\n\t\t\t\t\t<span  >\n\t\t\t\t\t\tWarum w\u00e4hlen Sie uns?\t\t\t\t\t<\/span>\n\t\t\t\t<\/h2>\n\t\t\t\t\t\t\t\t\t<p class=\"elementor-icon-box-description\">\n\t\t\t\t\t\tWir glauben, das Vertrauen durch harte Arbeit und Ergebnisse verdient wird\t\t\t\t\t<\/p>\n\t\t\t\t\t\t\t<\/div>\n\t\t<\/div>\n\t\t\t\t<\/div>\n\t\t\t\t<\/div>\n\t\t\t\t<section class=\"elementor-section elementor-inner-section elementor-element elementor-element-b876279 elementor-section-boxed elementor-section-height-default elementor-section-height-default\" data-id=\"b876279\" data-element_type=\"section\">\n\t\t\t\t\t\t<div class=\"elementor-container elementor-column-gap-default\">\n\t\t\t\t\t<div class=\"elementor-column elementor-col-33 elementor-inner-column elementor-element elementor-element-944256d\" data-id=\"944256d\" data-element_type=\"column\" data-settings=\"{&quot;background_background&quot;:&quot;classic&quot;}\">\n\t\t\t<div class=\"elementor-widget-wrap elementor-element-populated\">\n\t\t\t\t\t\t<div class=\"elementor-element elementor-element-29ba29d elementor-position-top elementor-widget elementor-widget-image-box\" data-id=\"29ba29d\" data-element_type=\"widget\" data-widget_type=\"image-box.default\">\n\t\t\t\t<div class=\"elementor-widget-container\">\n\t\t\t<div class=\"elementor-image-box-wrapper\"><figure class=\"elementor-image-box-img\"><img decoding=\"async\" width=\"80\" height=\"83\" src=\"https:\/\/www.berishatiefbau.de\/wp-content\/uploads\/2021\/02\/icon01-free-img.png\" class=\"attachment-full size-full wp-image-778\" alt=\"\" srcset=\"https:\/\/www.berishatiefbau.de\/wp-content\/uploads\/2021\/02\/icon01-free-img.png 80w, https:\/\/www.berishatiefbau.de\/wp-content\/uploads\/2021\/02\/icon01-free-img-12x12.png 12w\" sizes=\"(max-width: 80px) 100vw, 80px\" \/><\/figure><div class=\"elementor-image-box-content\"><h3 class=\"elementor-image-box-title\">Flexible Preisgestaltung<\/h3><p class=\"elementor-image-box-description\">Wir sind flexibel in unserer Preisgestaltung und versichern Ihnen, dass Qualit\u00e4t das ist, was geliefert wird.\n<\/p><\/div><\/div>\t\t<\/div>\n\t\t\t\t<\/div>\n\t\t\t\t\t<\/div>\n\t\t<\/div>\n\t\t\t\t<div class=\"elementor-column elementor-col-33 elementor-inner-column elementor-element elementor-element-26a4e1d\" data-id=\"26a4e1d\" data-element_type=\"column\" data-settings=\"{&quot;background_background&quot;:&quot;classic&quot;}\">\n\t\t\t<div class=\"elementor-widget-wrap elementor-element-populated\">\n\t\t\t\t\t\t<div class=\"elementor-element elementor-element-dc833c9 elementor-position-top elementor-widget elementor-widget-image-box\" data-id=\"dc833c9\" data-element_type=\"widget\" data-widget_type=\"image-box.default\">\n\t\t\t\t<div class=\"elementor-widget-container\">\n\t\t\t<div class=\"elementor-image-box-wrapper\"><figure class=\"elementor-image-box-img\"><img decoding=\"async\" width=\"80\" height=\"83\" src=\"https:\/\/www.berishatiefbau.de\/wp-content\/uploads\/2021\/02\/icon02-free-img.png\" class=\"attachment-full size-full wp-image-782\" alt=\"\" srcset=\"https:\/\/www.berishatiefbau.de\/wp-content\/uploads\/2021\/02\/icon02-free-img.png 80w, https:\/\/www.berishatiefbau.de\/wp-content\/uploads\/2021\/02\/icon02-free-img-12x12.png 12w\" sizes=\"(max-width: 80px) 100vw, 80px\" \/><\/figure><div class=\"elementor-image-box-content\"><h3 class=\"elementor-image-box-title\">Flexible Arbeitszeiten<\/h3><p class=\"elementor-image-box-description\">Ihre Zufriedenheit und Zustimmung haben f\u00fcr uns Priorit\u00e4t. Wir sind flexibel und k\u00f6nnen unseren Arbeitsplan an die Projektanforderungen und -fristen anpassen.<\/p><\/div><\/div>\t\t<\/div>\n\t\t\t\t<\/div>\n\t\t\t\t\t<\/div>\n\t\t<\/div>\n\t\t\t\t<div class=\"elementor-column elementor-col-33 elementor-inner-column elementor-element elementor-element-e21641a\" data-id=\"e21641a\" data-element_type=\"column\" data-settings=\"{&quot;background_background&quot;:&quot;classic&quot;}\">\n\t\t\t<div class=\"elementor-widget-wrap elementor-element-populated\">\n\t\t\t\t\t\t<div class=\"elementor-element elementor-element-79310a9 elementor-position-top elementor-widget elementor-widget-image-box\" data-id=\"79310a9\" data-element_type=\"widget\" data-widget_type=\"image-box.default\">\n\t\t\t\t<div class=\"elementor-widget-container\">\n\t\t\t<div class=\"elementor-image-box-wrapper\"><figure class=\"elementor-image-box-img\"><img decoding=\"async\" width=\"80\" height=\"83\" src=\"https:\/\/www.berishatiefbau.de\/wp-content\/uploads\/2021\/02\/icon03-free-img.png\" class=\"attachment-full size-full wp-image-783\" alt=\"\" srcset=\"https:\/\/www.berishatiefbau.de\/wp-content\/uploads\/2021\/02\/icon03-free-img.png 80w, https:\/\/www.berishatiefbau.de\/wp-content\/uploads\/2021\/02\/icon03-free-img-12x12.png 12w\" sizes=\"(max-width: 80px) 100vw, 80px\" \/><\/figure><div class=\"elementor-image-box-content\"><h3 class=\"elementor-image-box-title\">Erfahrenes Personal<\/h3><p class=\"elementor-image-box-description\">Durch innovative Ideen, Flexibilit\u00e4t und das Engagement jedes Einzelnen liefern wir Ihnen intelligente und nachhaltige L\u00f6sungen. Wir bringen all unsere Erfahrungen mit. <\/p><\/div><\/div>\t\t<\/div>\n\t\t\t\t<\/div>\n\t\t\t\t\t<\/div>\n\t\t<\/div>\n\t\t\t\t\t<\/div>\n\t\t<\/section>\n\t\t\t\t\t<\/div>\n\t\t<\/div>\n\t\t\t\t\t<\/div>\n\t\t<\/section>\n\t\t\t\t<section class=\"elementor-section elementor-top-section elementor-element elementor-element-7eb6459 elementor-section-content-middle elementor-section-boxed elementor-section-height-default elementor-section-height-default\" data-id=\"7eb6459\" data-element_type=\"section\" data-settings=\"{&quot;background_background&quot;:&quot;classic&quot;}\">\n\t\t\t\t\t\t<div class=\"elementor-container elementor-column-gap-no\">\n\t\t\t\t\t<div class=\"elementor-column elementor-col-100 elementor-top-column elementor-element elementor-element-de52281\" data-id=\"de52281\" data-element_type=\"column\">\n\t\t\t<div class=\"elementor-widget-wrap elementor-element-populated\">\n\t\t\t\t\t\t<div class=\"elementor-element elementor-element-ec36889 elementor-widget elementor-widget-heading\" data-id=\"ec36889\" data-element_type=\"widget\" data-widget_type=\"heading.default\">\n\t\t\t\t<div class=\"elementor-widget-container\">\n\t\t\t<h5 class=\"elementor-heading-title elementor-size-default\">Unsere Partner und Unterst\u00fctze<\/h5>\t\t<\/div>\n\t\t\t\t<\/div>\n\t\t\t\t<div class=\"elementor-element elementor-element-ea53bdb elementor-arrows-position-outside elementor-pagination-position-outside elementor-widget elementor-widget-image-carousel\" data-id=\"ea53bdb\" data-element_type=\"widget\" data-settings=\"{&quot;slides_to_show&quot;:&quot;5&quot;,&quot;navigation&quot;:&quot;both&quot;,&quot;autoplay&quot;:&quot;yes&quot;,&quot;pause_on_hover&quot;:&quot;yes&quot;,&quot;pause_on_interaction&quot;:&quot;yes&quot;,&quot;autoplay_speed&quot;:5000,&quot;infinite&quot;:&quot;yes&quot;,&quot;speed&quot;:500}\" data-widget_type=\"image-carousel.default\">\n\t\t\t\t<div class=\"elementor-widget-container\">\n\t\t\t\t\t<div class=\"elementor-image-carousel-wrapper swiper\" dir=\"ltr\">\n\t\t\t<div class=\"elementor-image-carousel swiper-wrapper\" aria-live=\"off\">\n\t\t\t\t\t\t\t\t<div class=\"swiper-slide\" role=\"group\" aria-roledescription=\"slide\" aria-label=\"1 of 5\"><figure class=\"swiper-slide-inner\"><img decoding=\"async\" class=\"swiper-slide-image\" src=\"https:\/\/www.berishatiefbau.de\/wp-content\/uploads\/2021\/02\/horizonlogo.png\" alt=\"Horizon Plus\" \/><\/figure><\/div><div class=\"swiper-slide\" role=\"group\" aria-roledescription=\"slide\" aria-label=\"2 of 5\"><figure class=\"swiper-slide-inner\"><img decoding=\"async\" class=\"swiper-slide-image\" src=\"https:\/\/www.berishatiefbau.de\/wp-content\/uploads\/2021\/02\/Zener-Telekom-1-1.png\" alt=\"Zener Telekom (1)\" \/><\/figure><\/div><div class=\"swiper-slide\" role=\"group\" aria-roledescription=\"slide\" aria-label=\"3 of 5\"><figure class=\"swiper-slide-inner\"><img decoding=\"async\" class=\"swiper-slide-image\" src=\"https:\/\/www.berishatiefbau.de\/wp-content\/uploads\/2021\/02\/Grethen-GmbH-1.png\" alt=\"Grethen GmbH (1)\" \/><\/figure><\/div><div class=\"swiper-slide\" role=\"group\" aria-roledescription=\"slide\" aria-label=\"4 of 5\"><figure class=\"swiper-slide-inner\"><img decoding=\"async\" class=\"swiper-slide-image\" src=\"https:\/\/www.berishatiefbau.de\/wp-content\/uploads\/2021\/02\/Eiffage.png\" alt=\"Eiffage\" \/><\/figure><\/div><div class=\"swiper-slide\" role=\"group\" aria-roledescription=\"slide\" aria-label=\"5 of 5\"><figure class=\"swiper-slide-inner\"><img decoding=\"async\" class=\"swiper-slide-image\" src=\"https:\/\/www.berishatiefbau.de\/wp-content\/uploads\/2021\/02\/Stricker-Dienstleistung-16.png\" alt=\"Stricker Dienstleistung-16\" \/><\/figure><\/div>\t\t\t<\/div>\n\t\t\t\t\t\t\t\t\t\t\t\t<div class=\"elementor-swiper-button elementor-swiper-button-prev\" role=\"button\" tabindex=\"0\">\n\t\t\t\t\t\t<i aria-hidden=\"true\" class=\"eicon-chevron-left\"><\/i>\t\t\t\t\t<\/div>\n\t\t\t\t\t<div class=\"elementor-swiper-button elementor-swiper-button-next\" role=\"button\" tabindex=\"0\">\n\t\t\t\t\t\t<i aria-hidden=\"true\" class=\"eicon-chevron-right\"><\/i>\t\t\t\t\t<\/div>\n\t\t\t\t\n\t\t\t\t\t\t\t\t\t<div class=\"swiper-pagination\"><\/div>\n\t\t\t\t\t\t\t\t\t<\/div>\n\t\t\t\t<\/div>\n\t\t\t\t<\/div>\n\t\t\t\t\t<\/div>\n\t\t<\/div>\n\t\t\t\t\t<\/div>\n\t\t<\/section>\n\t\t\t\t<section class=\"elementor-section elementor-top-section elementor-element elementor-element-a8a01c6 elementor-section-boxed elementor-section-height-default elementor-section-height-default\" data-id=\"a8a01c6\" data-element_type=\"section\">\n\t\t\t\t\t\t<div class=\"elementor-container elementor-column-gap-default\">\n\t\t\t\t\t<div class=\"elementor-column elementor-col-100 elementor-top-column elementor-element elementor-element-1de85de\" data-id=\"1de85de\" data-element_type=\"column\">\n\t\t\t<div class=\"elementor-widget-wrap\">\n\t\t\t\t\t\t\t<\/div>\n\t\t<\/div>\n\t\t\t\t\t<\/div>\n\t\t<\/section>\n\t\t\t\t<\/div>","protected":false},"excerpt":{"rendered":"<p>Wir sind Ihr Partner f\u00fcr Verkabelung und Tiefbau. Hier erhalten Sie Informationen \u00fcber unseren Betrieb und Leistungen. Wir versichern Ihnen, professionelle und fachgerechte Dienstleistungen f\u00fcr Ihre Pl\u00e4ne und Anforderungen zu erbringen. Jetzt Planen Kontaktieren Sie uns noch heute f\u00fcr eine kostenlose Beratung und einen Kostenvorschlag Herzlich Willkommen! Berisha Tiefbau GmbH &#8211; Ihr Partner rund um &hellip;<\/p>\n<p class=\"read-more\"> <a class=\"\" href=\"https:\/\/www.berishatiefbau.de\/sq\/\"> <span class=\"screen-reader-text\">Home<\/span> Read More &raquo;<\/a><\/p>","protected":false},"author":1,"featured_media":0,"parent":0,"menu_order":0,"comment_status":"closed","ping_status":"closed","template":"","meta":{"footnotes":""},"_links":{"self":[{"href":"https:\/\/www.berishatiefbau.de\/sq\/wp-json\/wp\/v2\/pages\/9"}],"collection":[{"href":"https:\/\/www.berishatiefbau.de\/sq\/wp-json\/wp\/v2\/pages"}],"about":[{"href":"https:\/\/www.berishatiefbau.de\/sq\/wp-json\/wp\/v2\/types\/page"}],"author":[{"embeddable":true,"href":"https:\/\/www.berishatiefbau.de\/sq\/wp-json\/wp\/v2\/users\/1"}],"replies":[{"embeddable":true,"href":"https:\/\/www.berishatiefbau.de\/sq\/wp-json\/wp\/v2\/comments?post=9"}],"version-history":[{"count":225,"href":"https:\/\/www.berishatiefbau.de\/sq\/wp-json\/wp\/v2\/pages\/9\/revisions"}],"predecessor-version":[{"id":1249,"href":"https:\/\/www.berishatiefbau.de\/sq\/wp-json\/wp\/v2\/pages\/9\/revisions\/1249"}],"wp:attachment":[{"href":"https:\/\/www.berishatiefbau.de\/sq\/wp-json\/wp\/v2\/media?parent=9"}],"curies":[{"name":"wp","href":"https:\/\/api.w.org\/{rel}","templated":true}]}}